{"id":61882,"date":"2026-03-10T13:47:51","date_gmt":"2026-03-10T13:47:51","guid":{"rendered":"https:\/\/freepass.passid.cv\/store\/?page_id=61882"},"modified":"2026-03-10T13:52:41","modified_gmt":"2026-03-10T13:52:41","slug":"afrofunk2026","status":"publish","type":"page","link":"https:\/\/freepass.passid.cv\/store\/afrofunk2026\/","title":{"rendered":"AFROFUNK"},"content":{"rendered":"\t\t<div data-elementor-type=\"wp-page\" data-elementor-id=\"61882\" class=\"elementor elementor-61882\" data-elementor-settings=\"[]\">\n\t\t\t\t\t\t<div class=\"elementor-inner\">\n\t\t\t\t\t\t\t<div class=\"elementor-section-wrap\">\n\t\t\t\t\t\t\t<section class=\"elementor-section elementor-top-section elementor-element elementor-element-a8e44f5 elementor-section-boxed elementor-section-height-default elementor-section-height-default\" data-id=\"a8e44f5\" data-element_type=\"section\">\n\t\t\t\t\t\t<div class=\"elementor-container elementor-column-gap-default\">\n\t\t\t\t\t\t\t<div class=\"elementor-row\">\n\t\t\t\t\t<div class=\"elementor-column elementor-col-100 elementor-top-column elementor-element elementor-element-14a3566 animated-fast elementor-invisible\" data-id=\"14a3566\" data-element_type=\"column\" data-settings=\"{&quot;background_background&quot;:&quot;classic&quot;,&quot;animation&quot;:&quot;fadeInDown&quot;}\">\n\t\t\t<div class=\"elementor-column-wrap elementor-element-populated\">\n\t\t\t\t\t<div class=\"elementor-background-overlay\"><\/div>\n\t\t\t\t\t\t\t<div class=\"elementor-widget-wrap\">\n\t\t\t\t\t\t<div class=\"elementor-element elementor-element-6bea29e elementor-widget elementor-widget-spacer\" data-id=\"6bea29e\" data-element_type=\"widget\" data-widget_type=\"spacer.default\">\n\t\t\t\t<div class=\"elementor-widget-container\">\n\t\t\t\t\t<div class=\"elementor-spacer\">\n\t\t\t<div class=\"elementor-spacer-inner\"><\/div>\n\t\t<\/div>\n\t\t\t\t<\/div>\n\t\t\t\t<\/div>\n\t\t\t\t<div class=\"elementor-element elementor-element-a97373a elementor-widget elementor-widget-image\" data-id=\"a97373a\" data-element_type=\"widget\" data-widget_type=\"image.default\">\n\t\t\t\t<div class=\"elementor-widget-container\">\n\t\t\t\t\t<div class=\"elementor-image\">\n\t\t\t\t\t\t\t\t\t\t\t<a href=\"http:\/\/link.passid.cv\/9fmPi\">\n\t\t\t\t\t\t\t<img decoding=\"async\" src=\"https:\/\/freepass.passid.cv\/store\/wp-content\/uploads\/elementor\/thumbs\/afrofunk-2026-rkb0b3vgvw3q7157w0rjbth2uqsk9bughog4r6pnyg.jpg\" title=\"afrofunk 2026\" alt=\"afrofunk 2026\" \/>\t\t\t\t\t\t\t\t<\/a>\n\t\t\t\t\t\t\t\t\t\t\t<\/div>\n\t\t\t\t<\/div>\n\t\t\t\t<\/div>\n\t\t\t\t<div class=\"elementor-element elementor-element-5f51dd3 elementor-widget__width-initial elementor-widget elementor-widget-text-editor\" data-id=\"5f51dd3\" data-element_type=\"widget\" data-widget_type=\"text-editor.default\">\n\t\t\t\t<div class=\"elementor-widget-container\">\n\t\t\t\t\t<div class=\"elementor-text-editor elementor-clearfix\"><\/div>\n\t\t\t\t<\/div>\n\t\t\t\t<\/div>\n\t\t\t\t<div class=\"elementor-element elementor-element-05231fe elementor-widget__width-initial elementor-widget elementor-widget-text-editor\" data-id=\"05231fe\" data-element_type=\"widget\" data-widget_type=\"text-editor.default\">\n\t\t\t\t<div class=\"elementor-widget-container\">\n\t\t\t\t\t<div class=\"elementor-text-editor elementor-clearfix\"><p>Prepara-te para uma experi\u00eancia \u00fanica onde o ritmo, a energia e a vibra\u00e7\u00e3o do Afro Funk v\u00e3o dominar a pista!<br \/>No dia 04 de Abril (S\u00e1bado), o AQVA recebe uma noite inesquec\u00edvel com muita m\u00fasica, dan\u00e7a e aquela atmosfera que s\u00f3 quem vive sabe.<br \/>Vem sentir os melhores sons Afro, Funk e batidas quentes que v\u00e3o fazer o p\u00fablico vibrar do in\u00edcio ao fim. Junta os amigos e vem fazer parte desta festa que promete marcar a noite!<\/p><\/div>\n\t\t\t\t<\/div>\n\t\t\t\t<\/div>\n\t\t\t\t<div class=\"elementor-element elementor-element-d1ab191 elementor-widget__width-initial elementor-widget elementor-widget-text-editor\" data-id=\"d1ab191\" data-element_type=\"widget\" data-widget_type=\"text-editor.default\">\n\t\t\t\t<div class=\"elementor-widget-container\">\n\t\t\t\t\t<div class=\"elementor-text-editor elementor-clearfix\"><\/div>\n\t\t\t\t<\/div>\n\t\t\t\t<\/div>\n\t\t\t\t<div class=\"elementor-element elementor-element-7a39d35 elementor-align-center elementor-widget elementor-widget-button\" data-id=\"7a39d35\" data-element_type=\"widget\" data-widget_type=\"button.default\">\n\t\t\t\t<div class=\"elementor-widget-container\">\n\t\t\t\t\t<div class=\"elementor-button-wrapper\">\n\t\t\t<a href=\"http:\/\/link.passid.cv\/Z9oxJ\" target=\"_blank\" class=\"elementor-button-link elementor-button elementor-size-xl\" role=\"button\">\n\t\t\t\t\t\t<span class=\"elementor-button-content-wrapper\">\n\t\t\t\t\t\t<span class=\"elementor-button-text\">PROMO<\/span>\n\t\t<\/span>\n\t\t\t\t\t<\/a>\n\t\t<\/div>\n\t\t\t\t<\/div>\n\t\t\t\t<\/div>\n\t\t\t\t<div class=\"elementor-element elementor-element-65a18b9 elementor-widget elementor-widget-spacer\" data-id=\"65a18b9\" data-element_type=\"widget\" data-widget_type=\"spacer.default\">\n\t\t\t\t<div class=\"elementor-widget-container\">\n\t\t\t\t\t<div class=\"elementor-spacer\">\n\t\t\t<div class=\"elementor-spacer-inner\"><\/div>\n\t\t<\/div>\n\t\t\t\t<\/div>\n\t\t\t\t<\/div>\n\t\t\t\t<section class=\"elementor-section elementor-inner-section elementor-element elementor-element-4a56c8a elementor-section-boxed elementor-section-height-default elementor-section-height-default\" data-id=\"4a56c8a\" data-element_type=\"section\" data-settings=\"{&quot;background_background&quot;:&quot;classic&quot;}\">\n\t\t\t\t\t\t\t<div class=\"elementor-background-overlay\"><\/div>\n\t\t\t\t\t\t\t<div class=\"elementor-container elementor-column-gap-default\">\n\t\t\t\t\t\t\t<div class=\"elementor-row\">\n\t\t\t\t\t<div class=\"elementor-column elementor-col-20 elementor-inner-column elementor-element elementor-element-cde3f1c\" data-id=\"cde3f1c\" data-element_type=\"column\">\n\t\t\t<div class=\"elementor-column-wrap\">\n\t\t\t\t\t\t\t<div class=\"elementor-widget-wrap\">\n\t\t\t\t\t\t\t\t<\/div>\n\t\t\t\t\t<\/div>\n\t\t<\/div>\n\t\t\t\t<div class=\"elementor-column elementor-col-20 elementor-inner-column elementor-element elementor-element-446d5f8\" data-id=\"446d5f8\" data-element_type=\"column\">\n\t\t\t<div class=\"elementor-column-wrap\">\n\t\t\t\t\t\t\t<div class=\"elementor-widget-wrap\">\n\t\t\t\t\t\t\t\t<\/div>\n\t\t\t\t\t<\/div>\n\t\t<\/div>\n\t\t\t\t<div class=\"elementor-column elementor-col-20 elementor-inner-column elementor-element elementor-element-887be40\" data-id=\"887be40\" data-element_type=\"column\">\n\t\t\t<div class=\"elementor-column-wrap elementor-element-populated\">\n\t\t\t\t\t\t\t<div class=\"elementor-widget-wrap\">\n\t\t\t\t\t\t<div class=\"elementor-element elementor-element-341c21f elementor-widget elementor-widget-image\" data-id=\"341c21f\" data-element_type=\"widget\" data-widget_type=\"image.default\">\n\t\t\t\t<div class=\"elementor-widget-container\">\n\t\t\t\t\t<div class=\"elementor-image\">\n\t\t\t\t\t\t\t\t\t\t<img decoding=\"async\" src=\"https:\/\/freepass.passid.cv\/store\/wp-content\/uploads\/elementor\/thumbs\/AAA-Logo_PassiD_Final_fundo_escuro-qhxl7wxgttgo8ujd3qn265sajqla5jzcoi0rtucjs0.png\" title=\"AAA Logo_PassiD_Final_fundo_escuro\" alt=\"AAA Logo_PassiD_Final_fundo_escuro\" \/>\t\t\t\t\t\t\t\t\t\t\t<\/div>\n\t\t\t\t<\/div>\n\t\t\t\t<\/div>\n\t\t\t\t\t\t<\/div>\n\t\t\t\t\t<\/div>\n\t\t<\/div>\n\t\t\t\t<div class=\"elementor-column elementor-col-20 elementor-inner-column elementor-element elementor-element-86cc5e7\" data-id=\"86cc5e7\" data-element_type=\"column\">\n\t\t\t<div class=\"elementor-column-wrap\">\n\t\t\t\t\t\t\t<div class=\"elementor-widget-wrap\">\n\t\t\t\t\t\t\t\t<\/div>\n\t\t\t\t\t<\/div>\n\t\t<\/div>\n\t\t\t\t<div class=\"elementor-column elementor-col-20 elementor-inner-column elementor-element elementor-element-5d1aa7d\" data-id=\"5d1aa7d\" data-element_type=\"column\">\n\t\t\t<div class=\"elementor-column-wrap\">\n\t\t\t\t\t\t\t<div class=\"elementor-widget-wrap\">\n\t\t\t\t\t\t\t\t<\/div>\n\t\t\t\t\t<\/div>\n\t\t<\/div>\n\t\t\t\t\t\t\t\t<\/div>\n\t\t\t\t\t<\/div>\n\t\t<\/section>\n\t\t\t\t<div class=\"elementor-element elementor-element-010351b elementor-widget elementor-widget-text-editor\" data-id=\"010351b\" data-element_type=\"widget\" data-widget_type=\"text-editor.default\">\n\t\t\t\t<div class=\"elementor-widget-container\">\n\t\t\t\t\t<div class=\"elementor-text-editor elementor-clearfix\"><p>\u00a9 PassiD. Todos os direitos reservados<\/p><\/div>\n\t\t\t\t<\/div>\n\t\t\t\t<\/div>\n\t\t\t\t\t\t<\/div>\n\t\t\t\t\t<\/div>\n\t\t<\/div>\n\t\t\t\t\t\t\t\t<\/div>\n\t\t\t\t\t<\/div>\n\t\t<\/section>\n\t\t\t\t\t\t<\/div>\n\t\t\t\t\t\t<\/div>\n\t\t\t\t\t<\/div>\n\t\t","protected":false},"excerpt":{"rendered":"<p>Prepara-te para uma experi\u00eancia \u00fanica onde o ritmo, a energia e a vibra\u00e7\u00e3o do Afro Funk v\u00e3o dominar a pista!No dia 04 de Abril (S\u00e1bado), o AQVA recebe uma noite inesquec\u00edvel com muita m\u00fasica, dan\u00e7a e aquela atmosfera que s\u00f3 quem vive sabe.Vem sentir os melhores sons Afro, Funk e batidas quentes que v\u00e3o fazer &hellip;<\/p>\n<p class=\"read-more\"> <a class=\"\" href=\"https:\/\/freepass.passid.cv\/store\/afrofunk2026\/\"> <span class=\"screen-reader-text\">AFROFUNK<\/span> Read More &raquo;<\/a><\/p>\n","protected":false},"author":1,"featured_media":0,"parent":0,"menu_order":0,"comment_status":"closed","ping_status":"closed","template":"","meta":{"footnotes":""},"class_list":["post-61882","page","type-page","status-publish","hentry"],"_links":{"self":[{"href":"https:\/\/freepass.passid.cv\/store\/wp-json\/wp\/v2\/pages\/61882","targetHints":{"allow":["GET"]}}],"collection":[{"href":"https:\/\/freepass.passid.cv\/store\/wp-json\/wp\/v2\/pages"}],"about":[{"href":"https:\/\/freepass.passid.cv\/store\/wp-json\/wp\/v2\/types\/page"}],"author":[{"embeddable":true,"href":"https:\/\/freepass.passid.cv\/store\/wp-json\/wp\/v2\/users\/1"}],"replies":[{"embeddable":true,"href":"https:\/\/freepass.passid.cv\/store\/wp-json\/wp\/v2\/comments?post=61882"}],"version-history":[{"count":4,"href":"https:\/\/freepass.passid.cv\/store\/wp-json\/wp\/v2\/pages\/61882\/revisions"}],"predecessor-version":[{"id":61887,"href":"https:\/\/freepass.passid.cv\/store\/wp-json\/wp\/v2\/pages\/61882\/revisions\/61887"}],"wp:attachment":[{"href":"https:\/\/freepass.passid.cv\/store\/wp-json\/wp\/v2\/media?parent=61882"}],"curies":[{"name":"wp","href":"https:\/\/api.w.org\/{rel}","templated":true}]}}